{"id":78,"date":"2025-09-22T10:25:01","date_gmt":"2025-09-22T10:25:01","guid":{"rendered":"https:\/\/2fink.com\/?page_id=78"},"modified":"2026-04-08T12:00:04","modified_gmt":"2026-04-08T12:00:04","slug":"home","status":"publish","type":"page","link":"https:\/\/2fink.com\/de\/","title":{"rendered":"Home"},"content":{"rendered":"\t\t<div data-elementor-type=\"wp-page\" data-elementor-id=\"78\" class=\"elementor elementor-78\" data-elementor-post-type=\"page\">\n\t\t\t\t<div class=\"elementor-element elementor-element-5ad982c1 e-con-full e-flex e-con e-parent\" data-id=\"5ad982c1\" data-element_type=\"container\" data-e-type=\"container\" data-settings=\"{&quot;sticky&quot;:&quot;top&quot;,&quot;sticky_on&quot;:[&quot;desktop&quot;,&quot;tablet&quot;,&quot;mobile&quot;],&quot;sticky_offset&quot;:0,&quot;sticky_effects_offset&quot;:0,&quot;sticky_anchor_link_offset&quot;:0}\">\n\t\t<div class=\"elementor-element elementor-element-805bb41 e-con-full e-flex e-con e-child\" data-id=\"805bb41\" data-element_type=\"container\" data-e-type=\"container\" data-settings=\"{&quot;background_background&quot;:&quot;classic&quot;}\">\n\t\t\t\t<div class=\"elementor-element elementor-element-1b3d17b1 elementor-widget__width-auto elementor-widget elementor-widget-theme-site-logo elementor-widget-image\" data-id=\"1b3d17b1\" data-element_type=\"widget\" data-e-type=\"widget\" data-widget_type=\"theme-site-logo.default\">\n\t\t\t\t\t\t\t\t\t\t\t<a href=\"https:\/\/2fink.com\/de\">\n\t\t\t<img fetchpriority=\"high\" decoding=\"async\" width=\"2560\" height=\"1536\" src=\"https:\/\/2fink.com\/wp-content\/uploads\/2025\/09\/base_logo_transparent_background-scaled.png\" class=\"attachment-full size-full wp-image-84\" alt=\"\" srcset=\"https:\/\/2fink.com\/wp-content\/uploads\/2025\/09\/base_logo_transparent_background-scaled.png 2560w, https:\/\/2fink.com\/wp-content\/uploads\/2025\/09\/base_logo_transparent_background-300x180.png 300w, https:\/\/2fink.com\/wp-content\/uploads\/2025\/09\/base_logo_transparent_background-1024x614.png 1024w, https:\/\/2fink.com\/wp-content\/uploads\/2025\/09\/base_logo_transparent_background-768x461.png 768w, https:\/\/2fink.com\/wp-content\/uploads\/2025\/09\/base_logo_transparent_background-1536x922.png 1536w, https:\/\/2fink.com\/wp-content\/uploads\/2025\/09\/base_logo_transparent_background-2048x1229.png 2048w\" sizes=\"(max-width: 2560px) 100vw, 2560px\" \/>\t\t\t\t<\/a>\n\t\t\t\t\t\t\t\t\t\t\t<\/div>\n\t\t\t\t<\/div>\n\t\t<div class=\"elementor-element elementor-element-85c91d9 e-con-full e-flex e-con e-child\" data-id=\"85c91d9\" data-element_type=\"container\" data-e-type=\"container\" data-settings=\"{&quot;background_background&quot;:&quot;classic&quot;}\">\n\t\t\t\t<div class=\"elementor-element elementor-element-25dc94e elementor-nav-menu--dropdown-tablet elementor-nav-menu__text-align-aside elementor-nav-menu--toggle elementor-nav-menu--burger elementor-widget elementor-widget-nav-menu\" data-id=\"25dc94e\" data-element_type=\"widget\" data-e-type=\"widget\" data-settings=\"{&quot;layout&quot;:&quot;horizontal&quot;,&quot;submenu_icon&quot;:{&quot;value&quot;:&quot;&lt;svg aria-hidden=\\&quot;true\\&quot; class=\\&quot;e-font-icon-svg e-fas-caret-down\\&quot; viewBox=\\&quot;0 0 320 512\\&quot; xmlns=\\&quot;http:\\\/\\\/www.w3.org\\\/2000\\\/svg\\&quot;&gt;&lt;path d=\\&quot;M31.3 192h257.3c17.8 0 26.7 21.5 14.1 34.1L174.1 354.8c-7.8 7.8-20.5 7.8-28.3 0L17.2 226.1C4.6 213.5 13.5 192 31.3 192z\\&quot;&gt;&lt;\\\/path&gt;&lt;\\\/svg&gt;&quot;,&quot;library&quot;:&quot;fa-solid&quot;},&quot;toggle&quot;:&quot;burger&quot;}\" data-widget_type=\"nav-menu.default\">\n\t\t\t\t\t\t\t\t<nav aria-label=\"Men\u00fc\" class=\"elementor-nav-menu--main elementor-nav-menu__container elementor-nav-menu--layout-horizontal e--pointer-underline e--animation-fade\">\n\t\t\t\t<ul id=\"menu-1-25dc94e\" class=\"elementor-nav-menu\"><li class=\"menu-item menu-item-type-post_type menu-item-object-page menu-item-home menu-item-386\"><a href=\"https:\/\/2fink.com\/de\/\" class=\"elementor-item\">Home<\/a><\/li>\n<li class=\"menu-item menu-item-type-post_type menu-item-object-page menu-item-has-children menu-item-768\"><a href=\"https:\/\/2fink.com\/de\/angebot\/\" class=\"elementor-item\">Angebot<\/a>\n<ul class=\"sub-menu elementor-nav-menu--dropdown\">\n\t<li class=\"menu-item menu-item-type-post_type menu-item-object-page menu-item-1448\"><a href=\"https:\/\/2fink.com\/de\/angebot\/events\/\" class=\"elementor-sub-item\">Events<\/a><\/li>\n\t<li class=\"menu-item menu-item-type-post_type menu-item-object-page menu-item-1471\"><a href=\"https:\/\/2fink.com\/de\/angebot\/kooperationen\/\" class=\"elementor-sub-item\">Kooperationen<\/a><\/li>\n<\/ul>\n<\/li>\n<li class=\"menu-item menu-item-type-post_type menu-item-object-page menu-item-1193\"><a href=\"https:\/\/2fink.com\/de\/beitraege\/\" class=\"elementor-item\">Beitr\u00e4ge<\/a><\/li>\n<li class=\"menu-item menu-item-type-post_type menu-item-object-page menu-item-434\"><a href=\"https:\/\/2fink.com\/de\/ueber-mich\/\" class=\"elementor-item\">\u00dcber<\/a><\/li>\n<li class=\"menu-item menu-item-type-post_type menu-item-object-page menu-item-1360\"><a href=\"https:\/\/2fink.com\/de\/kontakt\/\" class=\"elementor-item\">Kontakt<\/a><\/li>\n<\/ul>\t\t\t<\/nav>\n\t\t\t\t\t<div class=\"elementor-menu-toggle\" role=\"button\" tabindex=\"0\" aria-label=\"Men\u00fc Umschalter\" aria-expanded=\"false\">\n\t\t\t<svg aria-hidden=\"true\" role=\"presentation\" class=\"elementor-menu-toggle__icon--open e-font-icon-svg e-eicon-menu-bar\" viewBox=\"0 0 1000 1000\" xmlns=\"http:\/\/www.w3.org\/2000\/svg\"><path d=\"M104 333H896C929 333 958 304 958 271S929 208 896 208H104C71 208 42 237 42 271S71 333 104 333ZM104 583H896C929 583 958 554 958 521S929 458 896 458H104C71 458 42 487 42 521S71 583 104 583ZM104 833H896C929 833 958 804 958 771S929 708 896 708H104C71 708 42 737 42 771S71 833 104 833Z\"><\/path><\/svg><svg aria-hidden=\"true\" role=\"presentation\" class=\"elementor-menu-toggle__icon--close e-font-icon-svg e-eicon-close\" viewBox=\"0 0 1000 1000\" xmlns=\"http:\/\/www.w3.org\/2000\/svg\"><path d=\"M742 167L500 408 258 167C246 154 233 150 217 150 196 150 179 158 167 167 154 179 150 196 150 212 150 229 154 242 171 254L408 500 167 742C138 771 138 800 167 829 196 858 225 858 254 829L496 587 738 829C750 842 767 846 783 846 800 846 817 842 829 829 842 817 846 804 846 783 846 767 842 750 829 737L588 500 833 258C863 229 863 200 833 171 804 137 775 137 742 167Z\"><\/path><\/svg>\t\t<\/div>\n\t\t\t\t\t<nav class=\"elementor-nav-menu--dropdown elementor-nav-menu__container\" aria-hidden=\"true\">\n\t\t\t\t<ul id=\"menu-2-25dc94e\" class=\"elementor-nav-menu\"><li class=\"menu-item menu-item-type-post_type menu-item-object-page menu-item-home menu-item-386\"><a href=\"https:\/\/2fink.com\/de\/\" class=\"elementor-item\" tabindex=\"-1\">Home<\/a><\/li>\n<li class=\"menu-item menu-item-type-post_type menu-item-object-page menu-item-has-children menu-item-768\"><a href=\"https:\/\/2fink.com\/de\/angebot\/\" class=\"elementor-item\" tabindex=\"-1\">Angebot<\/a>\n<ul class=\"sub-menu elementor-nav-menu--dropdown\">\n\t<li class=\"menu-item menu-item-type-post_type menu-item-object-page menu-item-1448\"><a href=\"https:\/\/2fink.com\/de\/angebot\/events\/\" class=\"elementor-sub-item\" tabindex=\"-1\">Events<\/a><\/li>\n\t<li class=\"menu-item menu-item-type-post_type menu-item-object-page menu-item-1471\"><a href=\"https:\/\/2fink.com\/de\/angebot\/kooperationen\/\" class=\"elementor-sub-item\" tabindex=\"-1\">Kooperationen<\/a><\/li>\n<\/ul>\n<\/li>\n<li class=\"menu-item menu-item-type-post_type menu-item-object-page menu-item-1193\"><a href=\"https:\/\/2fink.com\/de\/beitraege\/\" class=\"elementor-item\" tabindex=\"-1\">Beitr\u00e4ge<\/a><\/li>\n<li class=\"menu-item menu-item-type-post_type menu-item-object-page menu-item-434\"><a href=\"https:\/\/2fink.com\/de\/ueber-mich\/\" class=\"elementor-item\" tabindex=\"-1\">\u00dcber<\/a><\/li>\n<li class=\"menu-item menu-item-type-post_type menu-item-object-page menu-item-1360\"><a href=\"https:\/\/2fink.com\/de\/kontakt\/\" class=\"elementor-item\" tabindex=\"-1\">Kontakt<\/a><\/li>\n<\/ul>\t\t\t<\/nav>\n\t\t\t\t\t\t<\/div>\n\t\t\t\t<\/div>\n\t\t\t\t<\/div>\n\t\t<div class=\"elementor-element elementor-element-733111d e-flex e-con-boxed e-con e-parent\" data-id=\"733111d\" data-element_type=\"container\" data-e-type=\"container\">\n\t\t\t\t\t<div class=\"e-con-inner\">\n\t\t<div class=\"elementor-element elementor-element-01f40f5 e-con-full e-flex e-con e-child\" data-id=\"01f40f5\" data-element_type=\"container\" data-e-type=\"container\">\n\t\t\t\t<div class=\"elementor-element elementor-element-d5d1dcc elementor-widget elementor-widget-heading\" data-id=\"d5d1dcc\" data-element_type=\"widget\" data-e-type=\"widget\" data-widget_type=\"heading.default\">\n\t\t\t\t\t<h1 class=\"elementor-heading-title elementor-size-default\">Datenschutz &amp; Cybersicherheit<\/h1>\t\t\t\t<\/div>\n\t\t\t\t<div class=\"elementor-element elementor-element-25950f8 elementor-widget__width-auto elementor-widget elementor-widget-heading\" data-id=\"25950f8\" data-element_type=\"widget\" data-e-type=\"widget\" data-widget_type=\"heading.default\">\n\t\t\t\t\t<h2 class=\"elementor-heading-title elementor-size-default\">Willkommen bei 2fink Consulting<\/h2>\t\t\t\t<\/div>\n\t\t\t\t<\/div>\n\t\t\t\t\t<\/div>\n\t\t\t\t<\/div>\n\t\t<div class=\"elementor-element elementor-element-8e0f008 e-con-full e-flex e-con e-parent\" data-id=\"8e0f008\" data-element_type=\"container\" data-e-type=\"container\">\n\t\t<div class=\"elementor-element elementor-element-c68cea3 e-con-full e-flex e-con e-child\" data-id=\"c68cea3\" data-element_type=\"container\" data-e-type=\"container\">\n\t\t<div class=\"elementor-element elementor-element-fce5a83 e-con-full e-flex e-con e-child\" data-id=\"fce5a83\" data-element_type=\"container\" data-e-type=\"container\">\n\t\t\t\t<div class=\"elementor-element elementor-element-d7b7323 elementor-widget__width-initial elementor-widget elementor-widget-image\" data-id=\"d7b7323\" data-element_type=\"widget\" data-e-type=\"widget\" data-widget_type=\"image.default\">\n\t\t\t\t\t\t\t\t\t\t\t\t<figure class=\"wp-caption\">\n\t\t\t\t\t\t\t\t\t\t<img decoding=\"async\" src=\"https:\/\/2fink.com\/wp-content\/uploads\/elementor\/thumbs\/Bild-5-scaled-e1775648162386-rlpbxjemkfkwyxji4qy7nuwjywuuzu5hjkzlsgv6to.jpg\" title=\"Blurred abstract background interior view looking out toward to empty office lobby and entrance doors and glass curtain wall with frame\" alt=\"Blurred abstract background interior view looking out toward to empty office lobby and entrance doors and glass curtain wall with frame - blue white balance processing style\" loading=\"lazy\" \/>\t\t\t\t\t\t\t\t\t\t\t<figcaption class=\"widget-image-caption wp-caption-text\">CEO &amp; Gr\u00fcnderin Nicole Fink<\/figcaption>\n\t\t\t\t\t\t\t\t\t\t<\/figure>\n\t\t\t\t\t\t\t\t\t<\/div>\n\t\t\t\t<\/div>\n\t\t<div class=\"elementor-element elementor-element-b7d5d2d e-con-full e-flex e-con e-child\" data-id=\"b7d5d2d\" data-element_type=\"container\" data-e-type=\"container\" data-settings=\"{&quot;background_background&quot;:&quot;classic&quot;}\">\n\t\t\t\t<div class=\"elementor-element elementor-element-536ba78 elementor-widget__width-inherit elementor-widget elementor-widget-heading\" data-id=\"536ba78\" data-element_type=\"widget\" data-e-type=\"widget\" data-widget_type=\"heading.default\">\n\t\t\t\t\t<h2 class=\"elementor-heading-title elementor-size-default\">Datenschutz, der dich weiterbringt<\/h2>\t\t\t\t<\/div>\n\t\t\t\t<div class=\"elementor-element elementor-element-b8bb8e4 elementor-widget__width-inherit elementor-widget elementor-widget-text-editor\" data-id=\"b8bb8e4\" data-element_type=\"widget\" data-e-type=\"widget\" data-widget_type=\"text-editor.default\">\n\t\t\t\t\t\t\t\t\t<p>Datenschutz &amp; Cybersicherheit ist dein Motor f\u00fcr Vertrauen, Innovation und Wachstum. Genau dabei unterst\u00fctzen wir dich.<\/p>\t\t\t\t\t\t\t\t<\/div>\n\t\t\t\t<div class=\"elementor-element elementor-element-e76fa26 elementor-widget__width-inherit elementor-widget elementor-widget-heading\" data-id=\"e76fa26\" data-element_type=\"widget\" data-e-type=\"widget\" data-widget_type=\"heading.default\">\n\t\t\t\t\t<h3 class=\"elementor-heading-title elementor-size-default\">Du willst Datenschutz umsetzen und gleichzeitig flexibel und effizient arbeiten?<\/h3>\t\t\t\t<\/div>\n\t\t\t\t<div class=\"elementor-element elementor-element-180f19f elementor-widget__width-inherit elementor-widget elementor-widget-text-editor\" data-id=\"180f19f\" data-element_type=\"widget\" data-e-type=\"widget\" data-widget_type=\"text-editor.default\">\n\t\t\t\t\t\t\t\t\t<p>Die gesetzlichen Anforderungen rund um Datenschutz und Cybersicherheit sind komplex und ver\u00e4ndern sich st\u00e4ndig. Gerade f\u00fcr kleine und mittlere Unternehmen kann das eine echte Herausforderung bedeuten.<\/p><p>Mit dem richtigen Wissen und der passenden Herangehensweise l\u00e4sst sich Compliance nicht nur meistern, sondern aktiv f\u00fcr dein Unternehmen nutzen.<\/p>\t\t\t\t\t\t\t\t<\/div>\n\t\t\t\t<\/div>\n\t\t\t\t<\/div>\n\t\t\t\t<\/div>\n\t\t<div class=\"elementor-element elementor-element-58395d9 e-con-full e-flex e-con e-parent\" data-id=\"58395d9\" data-element_type=\"container\" data-e-type=\"container\" data-settings=\"{&quot;background_background&quot;:&quot;gradient&quot;}\">\n\t\t<div class=\"elementor-element elementor-element-123f6aa e-con-full e-flex e-con e-child\" data-id=\"123f6aa\" data-element_type=\"container\" data-e-type=\"container\">\n\t\t\t\t<div class=\"elementor-element elementor-element-94ff669 elementor-widget elementor-widget-heading\" data-id=\"94ff669\" data-element_type=\"widget\" data-e-type=\"widget\" data-widget_type=\"heading.default\">\n\t\t\t\t\t<h2 class=\"elementor-heading-title elementor-size-default\">Was du von 2fink Consulting erwarten kannst:<\/h2>\t\t\t\t<\/div>\n\t\t\t\t<div class=\"elementor-element elementor-element-662108f elementor-widget elementor-widget-text-editor\" data-id=\"662108f\" data-element_type=\"widget\" data-e-type=\"widget\" data-widget_type=\"text-editor.default\">\n\t\t\t\t\t\t\t\t\t<p><strong>Ma\u00dfgeschneiderte Datenschutz-Strategien<\/strong><br \/>Gemeinsam finden wir heraus, was dein Unternehmen wirklich braucht und setzen es so um, dass es im Alltag funktioniert.<\/p><p><strong>Datenschutz und Cybersicherheit, das mit w\u00e4chst<\/strong><br \/>Wir helfen dir, Risiken zu erkennen, Besch\u00e4ftigte zu sensibilisieren und dein Unternehmen gegen aktuelle Bedrohungen zu sch\u00fctzen.<\/p><p><strong>Klare Kommunikation &amp; Hands-on-Mentalit\u00e4t<\/strong><br \/>F\u00fcr dich gibt es keine Standardl\u00f6sungen, daf\u00fcr passgenaue Empfehlungen, schnelle Unterst\u00fctzung und einen klaren Fahrplan.<\/p><p><strong>Partnerschaft auf Augenh\u00f6he<\/strong><br \/>2fink Consulting begleitet dich so, wie es zu dir und deinem Unternehmen passt, ob in einzelnen Projekten, Workshops oder als langfristiger Sparringpartner.<\/p><p>Wir unterst\u00fctzen dich dabei, Datenschutz und Cybersicherheit verst\u00e4ndlich, pragmatisch und zukunftssicher anzugehen.<\/p><p>Wir h\u00f6ren zu, stellen die richtigen Fragen und entwickeln L\u00f6sungen, die wirklich zu deinem Unternehmen passen ganz ohne unn\u00f6tigen Fachjargon.<\/p>\t\t\t\t\t\t\t\t<\/div>\n\t\t\t\t<\/div>\n\t\t<div class=\"elementor-element elementor-element-65e35a1 e-con-full elementor-hidden-mobile e-flex e-con e-child\" data-id=\"65e35a1\" data-element_type=\"container\" data-e-type=\"container\">\n\t\t\t\t<div class=\"elementor-element elementor-element-a9d9eb1 elementor-widget elementor-widget-image\" data-id=\"a9d9eb1\" data-element_type=\"widget\" data-e-type=\"widget\" data-widget_type=\"image.default\">\n\t\t\t\t\t\t\t\t\t\t\t\t\t\t\t<img decoding=\"async\" width=\"1200\" height=\"867\" src=\"https:\/\/2fink.com\/wp-content\/uploads\/2025\/09\/customcolor_icon_transparent_background.png\" class=\"attachment-full size-full wp-image-27\" alt=\"\" srcset=\"https:\/\/2fink.com\/wp-content\/uploads\/2025\/09\/customcolor_icon_transparent_background.png 1200w, https:\/\/2fink.com\/wp-content\/uploads\/2025\/09\/customcolor_icon_transparent_background-300x217.png 300w, https:\/\/2fink.com\/wp-content\/uploads\/2025\/09\/customcolor_icon_transparent_background-1024x740.png 1024w, https:\/\/2fink.com\/wp-content\/uploads\/2025\/09\/customcolor_icon_transparent_background-768x555.png 768w\" sizes=\"(max-width: 1200px) 100vw, 1200px\" \/>\t\t\t\t\t\t\t\t\t\t\t\t\t\t\t<\/div>\n\t\t\t\t<\/div>\n\t\t\t\t<\/div>\n\t\t\t\t<\/div>\n\t\t","protected":false},"excerpt":{"rendered":"<p>Datenschutz &amp; Cybersicherheit Willkommen bei 2fink Consulting CEO &amp; Gr\u00fcnderin Nicole Fink Datenschutz, der dich weiterbringt Datenschutz &amp; Cybersicherheit ist dein Motor f\u00fcr Vertrauen, Innovation und Wachstum. Genau dabei unterst\u00fctzen wir dich. Du willst Datenschutz umsetzen und gleichzeitig flexibel und effizient arbeiten? Die gesetzlichen Anforderungen rund um Datenschutz und Cybersicherheit sind komplex und ver\u00e4ndern sich [&hellip;]<\/p>\n","protected":false},"author":1,"featured_media":0,"parent":0,"menu_order":0,"comment_status":"closed","ping_status":"closed","template":"","meta":{"ocean_post_layout":"full-screen","ocean_both_sidebars_style":"","ocean_both_sidebars_content_width":0,"ocean_both_sidebars_sidebars_width":0,"ocean_sidebar":"","ocean_second_sidebar":"","ocean_disable_margins":"enable","ocean_add_body_class":"","ocean_shortcode_before_top_bar":"","ocean_shortcode_after_top_bar":"","ocean_shortcode_before_header":"","ocean_shortcode_after_header":"","ocean_has_shortcode":"","ocean_shortcode_after_title":"","ocean_shortcode_before_footer_widgets":"","ocean_shortcode_after_footer_widgets":"","ocean_shortcode_before_footer_bottom":"","ocean_shortcode_after_footer_bottom":"","ocean_display_top_bar":"off","ocean_display_header":"off","ocean_header_style":"","ocean_center_header_left_menu":"","ocean_custom_header_template":"","ocean_custom_logo":0,"ocean_custom_retina_logo":0,"ocean_custom_logo_max_width":0,"ocean_custom_logo_tablet_max_width":0,"ocean_custom_logo_mobile_max_width":0,"ocean_custom_logo_max_height":0,"ocean_custom_logo_tablet_max_height":0,"ocean_custom_logo_mobile_max_height":0,"ocean_header_custom_menu":"","ocean_menu_typo_font_family":"","ocean_menu_typo_font_subset":"","ocean_menu_typo_font_size":0,"ocean_menu_typo_font_size_tablet":0,"ocean_menu_typo_font_size_mobile":0,"ocean_menu_typo_font_size_unit":"px","ocean_menu_typo_font_weight":"","ocean_menu_typo_font_weight_tablet":"","ocean_menu_typo_font_weight_mobile":"","ocean_menu_typo_transform":"","ocean_menu_typo_transform_tablet":"","ocean_menu_typo_transform_mobile":"","ocean_menu_typo_line_height":0,"ocean_menu_typo_line_height_tablet":0,"ocean_menu_typo_line_height_mobile":0,"ocean_menu_typo_line_height_unit":"","ocean_menu_typo_spacing":0,"ocean_menu_typo_spacing_tablet":0,"ocean_menu_typo_spacing_mobile":0,"ocean_menu_typo_spacing_unit":"","ocean_menu_link_color":"","ocean_menu_link_color_hover":"","ocean_menu_link_color_active":"","ocean_menu_link_background":"","ocean_menu_link_hover_background":"","ocean_menu_link_active_background":"","ocean_menu_social_links_bg":"","ocean_menu_social_hover_links_bg":"","ocean_menu_social_links_color":"","ocean_menu_social_hover_links_color":"","ocean_disable_title":"on","ocean_disable_heading":"default","ocean_post_title":"","ocean_post_subheading":"","ocean_post_title_style":"","ocean_post_title_background_color":"","ocean_post_title_background":0,"ocean_post_title_bg_image_position":"","ocean_post_title_bg_image_attachment":"","ocean_post_title_bg_image_repeat":"","ocean_post_title_bg_image_size":"","ocean_post_title_height":0,"ocean_post_title_bg_overlay":0.5,"ocean_post_title_bg_overlay_color":"","ocean_disable_breadcrumbs":"default","ocean_breadcrumbs_color":"","ocean_breadcrumbs_separator_color":"","ocean_breadcrumbs_links_color":"","ocean_breadcrumbs_links_hover_color":"","ocean_display_footer_widgets":"off","ocean_display_footer_bottom":"off","ocean_custom_footer_template":"","footnotes":""},"folder":[14],"class_list":["post-78","page","type-page","status-publish","hentry","entry"],"_links":{"self":[{"href":"https:\/\/2fink.com\/de\/wp-json\/wp\/v2\/pages\/78","targetHints":{"allow":["GET"]}}],"collection":[{"href":"https:\/\/2fink.com\/de\/wp-json\/wp\/v2\/pages"}],"about":[{"href":"https:\/\/2fink.com\/de\/wp-json\/wp\/v2\/types\/page"}],"author":[{"embeddable":true,"href":"https:\/\/2fink.com\/de\/wp-json\/wp\/v2\/users\/1"}],"replies":[{"embeddable":true,"href":"https:\/\/2fink.com\/de\/wp-json\/wp\/v2\/comments?post=78"}],"version-history":[{"count":385,"href":"https:\/\/2fink.com\/de\/wp-json\/wp\/v2\/pages\/78\/revisions"}],"predecessor-version":[{"id":1500,"href":"https:\/\/2fink.com\/de\/wp-json\/wp\/v2\/pages\/78\/revisions\/1500"}],"wp:attachment":[{"href":"https:\/\/2fink.com\/de\/wp-json\/wp\/v2\/media?parent=78"}],"wp:term":[{"taxonomy":"folder","embeddable":true,"href":"https:\/\/2fink.com\/de\/wp-json\/wp\/v2\/folder?post=78"}],"curies":[{"name":"wp","href":"https:\/\/api.w.org\/{rel}","templated":true}]}}