{"id":163,"date":"2025-09-24T13:34:25","date_gmt":"2025-09-24T13:34:25","guid":{"rendered":"https:\/\/2fink.com\/?page_id=163"},"modified":"2025-10-18T19:30:23","modified_gmt":"2025-10-18T19:30:23","slug":"impressum-2","status":"publish","type":"page","link":"https:\/\/2fink.com\/es\/impressum-2\/","title":{"rendered":"<p>descargo<\/p>"},"content":{"rendered":"<div data-elementor-type=\"wp-page\" data-elementor-id=\"163\" class=\"elementor elementor-163\" data-elementor-post-type=\"page\">\n\t\t\t\t<div class=\"elementor-element elementor-element-230c0ca7 e-con-full e-flex e-con e-parent\" data-id=\"230c0ca7\" data-element_type=\"container\" data-e-type=\"container\" data-settings='{\"sticky\":\"top\",\"sticky_on\":[\"desktop\",\"tablet\",\"mobile\"],\"sticky_offset\":0,\"sticky_effects_offset\":0,\"sticky_anchor_link_offset\":0}'>\n\t\t<div class=\"elementor-element elementor-element-64a022 e-con-full e-flex e-con e-child\" data-id=\"64a022\" data-element_type=\"container\" data-e-type=\"container\" data-settings='{\"background_background\":\"classic\"}'>\n\t\t\t\t<div class=\"elementor-element elementor-element-c8525b5 elementor-widget__width-auto elementor-widget elementor-widget-theme-site-logo elementor-widget-image\" data-id=\"c8525b5\" data-element_type=\"widget\" data-e-type=\"widget\" data-widget_type=\"theme-site-logo.default\">\n\t\t\t\t\t\t\t\t\t\t\t<a href=\"https:\/\/2fink.com\/es\">\n\t\t\t<img fetchpriority=\"high\" decoding=\"async\" width=\"2560\" height=\"1536\" src=\"https:\/\/2fink.com\/wp-content\/uploads\/2025\/09\/base_logo_transparent_background-scaled.png\" class=\"attachment-full size-full wp-image-84\" alt=\"\" srcset=\"https:\/\/2fink.com\/wp-content\/uploads\/2025\/09\/base_logo_transparent_background-scaled.png 2560w, https:\/\/2fink.com\/wp-content\/uploads\/2025\/09\/base_logo_transparent_background-300x180.png 300w, https:\/\/2fink.com\/wp-content\/uploads\/2025\/09\/base_logo_transparent_background-1024x614.png 1024w, https:\/\/2fink.com\/wp-content\/uploads\/2025\/09\/base_logo_transparent_background-768x461.png 768w, https:\/\/2fink.com\/wp-content\/uploads\/2025\/09\/base_logo_transparent_background-1536x922.png 1536w, https:\/\/2fink.com\/wp-content\/uploads\/2025\/09\/base_logo_transparent_background-2048x1229.png 2048w\" sizes=\"(max-width: 2560px) 100vw, 2560px\">\t\t\t\t<\/a>\n\t\t\t\t\t\t\t\t\t\t\t<\/div>\n\t\t\t\t<\/div>\n\t\t<div class=\"elementor-element elementor-element-25feedba e-con-full e-flex e-con e-child\" data-id=\"25feedba\" data-element_type=\"container\" data-e-type=\"container\" data-settings='{\"background_background\":\"classic\"}'>\n\t\t\t\t<div class=\"elementor-element elementor-element-45554225 elementor-nav-menu--dropdown-tablet elementor-nav-menu__text-align-aside elementor-nav-menu--toggle elementor-nav-menu--burger elementor-widget elementor-widget-nav-menu\" data-id=\"45554225\" data-element_type=\"widget\" data-e-type=\"widget\" data-settings='{\"layout\":\"horizontal\",\"submenu_icon\":{\"value\":\"&lt;svg aria-hidden=\\\"true\\\" class=\\\"e-font-icon-svg e-fas-caret-down\\\" viewBox=\\\"0 0 320 512\\\" xmlns=\\\"http:\\\/\\\/www.w3.org\\\/2000\\\/svg\\\"&gt;&lt;path d=\\\"M31.3 192h257.3c17.8 0 26.7 21.5 14.1 34.1L174.1 354.8c-7.8 7.8-20.5 7.8-28.3 0L17.2 226.1C4.6 213.5 13.5 192 31.3 192z\\\"&gt;&lt;\\\/path&gt;&lt;\\\/svg&gt;\",\"library\":\"fa-solid\"},\"toggle\":\"burger\"}' data-widget_type=\"nav-menu.default\">\n\t\t\t\t\t\t\t\t<nav aria-label=\"Men\u00fa\" class=\"elementor-nav-menu--main elementor-nav-menu__container elementor-nav-menu--layout-horizontal e--pointer-underline e--animation-fade\">\n\t\t\t\t<ul id=\"menu-1-45554225\" class=\"elementor-nav-menu\"><li class=\"menu-item menu-item-type-post_type menu-item-object-page menu-item-home menu-item-386\"><a href=\"https:\/\/2fink.com\/es\/\" class=\"elementor-item\">Hogar<\/a><\/li>\n<li class=\"menu-item menu-item-type-post_type menu-item-object-page menu-item-has-children menu-item-768\"><a href=\"https:\/\/2fink.com\/es\/angebot\/\" class=\"elementor-item\">oferta<\/a>\n<ul class=\"sub-menu elementor-nav-menu--dropdown\">\n\t<li class=\"menu-item menu-item-type-post_type menu-item-object-page menu-item-1448\"><a href=\"https:\/\/2fink.com\/es\/angebot\/events\/\" class=\"elementor-sub-item\">Eventos<\/a><\/li>\n\t<li class=\"menu-item menu-item-type-post_type menu-item-object-page menu-item-1471\"><a href=\"https:\/\/2fink.com\/es\/angebot\/kooperationen\/\" class=\"elementor-sub-item\">cooperaciones<\/a><\/li>\n<\/ul>\n<\/li>\n<li class=\"menu-item menu-item-type-post_type menu-item-object-page menu-item-1193\"><a href=\"https:\/\/2fink.com\/es\/beitraege\/\" class=\"elementor-item\">presentaciones<\/a><\/li>\n<li class=\"menu-item menu-item-type-post_type menu-item-object-page menu-item-434\"><a href=\"https:\/\/2fink.com\/es\/ueber-mich\/\" class=\"elementor-item\">Acerca de<\/a><\/li>\n<li class=\"menu-item menu-item-type-post_type menu-item-object-page menu-item-1360\"><a href=\"https:\/\/2fink.com\/es\/kontakt\/\" class=\"elementor-item\">contacto<\/a><\/li>\n<\/ul>\t\t\t<\/nav>\n\t\t\t\t\t<div class=\"elementor-menu-toggle\" role=\"button\" tabindex=\"0\" aria-label=\"Men\u00fa alternativo\" aria-expanded=\"false\">\n\t\t\t<svg aria-hidden=\"true\" role=\"presentation\" class=\"elementor-menu-toggle__icon--open e-font-icon-svg e-eicon-menu-bar\" viewbox=\"0 0 1000 1000\" xmlns=\"http:\/\/www.w3.org\/2000\/svg\"><path d=\"M104 333H896C929 333 958 304 958 271S929 208 896 208H104C71 208 42 237 42 271S71 333 104 333ZM104 583H896C929 583 958 554 958 521S929 458 896 458H104C71 458 42 487 42 521S71 583 104 583ZM104 833H896C929 833 958 804 958 771S929 708 896 708H104C71 708 42 737 42 771S71 833 104 833Z\"><\/path><\/svg><svg aria-hidden=\"true\" role=\"presentation\" class=\"elementor-menu-toggle__icon--close e-font-icon-svg e-eicon-close\" viewbox=\"0 0 1000 1000\" xmlns=\"http:\/\/www.w3.org\/2000\/svg\"><path d=\"M742 167L500 408 258 167C246 154 233 150 217 150 196 150 179 158 167 167 154 179 150 196 150 212 150 229 154 242 171 254L408 500 167 742C138 771 138 800 167 829 196 858 225 858 254 829L496 587 738 829C750 842 767 846 783 846 800 846 817 842 829 829 842 817 846 804 846 783 846 767 842 750 829 737L588 500 833 258C863 229 863 200 833 171 804 137 775 137 742 167Z\"><\/path><\/svg>\t\t<\/div>\n\t\t\t\t\t<nav class=\"elementor-nav-menu--dropdown elementor-nav-menu__container\" aria-hidden=\"true\">\n\t\t\t\t<ul id=\"menu-2-45554225\" class=\"elementor-nav-menu\"><li class=\"menu-item menu-item-type-post_type menu-item-object-page menu-item-home menu-item-386\"><a href=\"https:\/\/2fink.com\/es\/\" class=\"elementor-item\" tabindex=\"-1\">Hogar<\/a><\/li>\n<li class=\"menu-item menu-item-type-post_type menu-item-object-page menu-item-has-children menu-item-768\"><a href=\"https:\/\/2fink.com\/es\/angebot\/\" class=\"elementor-item\" tabindex=\"-1\">oferta<\/a>\n<ul class=\"sub-menu elementor-nav-menu--dropdown\">\n\t<li class=\"menu-item menu-item-type-post_type menu-item-object-page menu-item-1448\"><a href=\"https:\/\/2fink.com\/es\/angebot\/events\/\" class=\"elementor-sub-item\" tabindex=\"-1\">Eventos<\/a><\/li>\n\t<li class=\"menu-item menu-item-type-post_type menu-item-object-page menu-item-1471\"><a href=\"https:\/\/2fink.com\/es\/angebot\/kooperationen\/\" class=\"elementor-sub-item\" tabindex=\"-1\">cooperaciones<\/a><\/li>\n<\/ul>\n<\/li>\n<li class=\"menu-item menu-item-type-post_type menu-item-object-page menu-item-1193\"><a href=\"https:\/\/2fink.com\/es\/beitraege\/\" class=\"elementor-item\" tabindex=\"-1\">presentaciones<\/a><\/li>\n<li class=\"menu-item menu-item-type-post_type menu-item-object-page menu-item-434\"><a href=\"https:\/\/2fink.com\/es\/ueber-mich\/\" class=\"elementor-item\" tabindex=\"-1\">Acerca de<\/a><\/li>\n<li class=\"menu-item menu-item-type-post_type menu-item-object-page menu-item-1360\"><a href=\"https:\/\/2fink.com\/es\/kontakt\/\" class=\"elementor-item\" tabindex=\"-1\">contacto<\/a><\/li>\n<\/ul>\t\t\t<\/nav>\n\t\t\t\t\t\t<\/div>\n\t\t\t\t<\/div>\n\t\t\t\t<\/div>\n\t\t<div class=\"elementor-element elementor-element-f7a386e e-flex e-con-boxed e-con e-parent\" data-id=\"f7a386e\" data-element_type=\"container\" data-e-type=\"container\" data-settings='{\"background_background\":\"gradient\"}'>\n\t\t\t\t\t<div class=\"e-con-inner\">\n\t\t\t\t<div class=\"elementor-element elementor-element-ee5c8dd elementor-widget elementor-widget-text-editor\" data-id=\"ee5c8dd\" data-element_type=\"widget\" data-e-type=\"widget\" data-widget_type=\"text-editor.default\">\n\t\t\t\t\t\t\t\t\t<div class=\"prose text-pretty dark:prose-invert inline leading-relaxed break-words min-w-0 [word-break:break-word] prose-strong:font-medium\"><p class=\"my-2 [&amp;+p]:mt-4 [&amp;_strong:has(+br)]:inline-block [&amp;_strong:has(+br)]:pb-2\"><strong>Como proveedor de este servicio de Internet, es responsable de:<br><\/strong>2fink Consultor\u00eda<br>Nicole Fink, LL.M. (Maastricht)&nbsp;<br>Upper Pfaffensteigstr (en ingl\u00e9s). 19 ter<br>91126 Schwabach<\/p><p class=\"my-2 [&amp;+p]:mt-4 [&amp;_strong:has(+br)]:inline-block [&amp;_strong:has(+br)]:pb-2\"><strong>Lograr un contacto electr\u00f3nico r\u00e1pido y una comunicaci\u00f3n inmediata<\/strong> <strong>nosotros<br><\/strong>por tel\u00e9fono: +49 (0) 151 5845 3180<br>y por correo electr\u00f3nico: info@2fink.com<\/p><p class=\"p1\"><strong>N\u00famero de identificaci\u00f3n a efectos del IVA:<\/strong><br>DE457416684<\/p><p class=\"my-2 [&amp;+p]:mt-4 [&amp;_strong:has(+br)]:inline-block [&amp;_strong:has(+br)]:pb-2\"><strong>2fink Consultor\u00eda<\/strong> Expl\u00edcitamente ofrece: <span style=\"text-decoration: underline;\">ninguno<\/span> asesoramiento jur\u00eddico, pero s\u00f3lo como <strong>freelance<\/strong> <strong>consultor\u00eda<\/strong> para la protecci\u00f3n de datos y la ciberseguridad. Esto no requiere ni aprobaci\u00f3n oficial ni supervisi\u00f3n oficial.<\/p><p class=\"my-2 [&amp;+p]:mt-4 [&amp;_strong:has(+br)]:inline-block [&amp;_strong:has(+br)]:pb-2\">Con la expansi\u00f3n planificada por <strong>Servicios de DPO de 2fink<\/strong> ser <strong>actividades comerciales<\/strong> como <strong>Responsables externos de protecci\u00f3n de datos <\/strong>entregados. El registro de una empresa tiene lugar al inicio de la primera actividad correspondiente. Esto se debe principalmente a razones fiscales y contables al comienzo de la empresa. 2fink Consulting y 2fink DPO Services operan por separado. La informaci\u00f3n comercial, por supuesto, se publicar\u00e1 aqu\u00ed.&nbsp;<\/p><p class=\"my-2 [&amp;+p]:mt-4 [&amp;_strong:has(+br)]:inline-block [&amp;_strong:has(+br)]:pb-2\">La consultor\u00eda de gesti\u00f3n independiente para la protecci\u00f3n de datos y la ciberseguridad no es una c\u00e1mara responsable, ni est\u00e1 regulada el \u00e1rea (estatal). Sin embargo, 2fink Consulting observa las disposiciones del GDPR, la BDSG y otras leyes relevantes. Con respecto a la protecci\u00f3n de la confidencialidad, 2fink Consulting se gu\u00eda por analog\u00eda con las normas legales.<\/p><p class=\"my-2 [&amp;+p]:mt-4 [&amp;_strong:has(+br)]:inline-block [&amp;_strong:has(+br)]:pb-2\"><strong>Nota para los consumidores:<\/strong><br>Estos sitios web no proporcionan servicios a los consumidores.<\/p><p><strong>Fotos e im\u00e1genes:<\/strong><br>Las fotos utilizadas en este sitio web son tomadas por Fotografie Mauer<br><a href=\"https:\/\/www.fotografie-mauer.de\">https:\/\/www.fotografie-mauer.de<\/a> (<em>enlace externo<\/em>)<br>No est\u00e1 permitido el uso por parte de terceros.<\/p><\/div>\t\t\t\t\t\t\t\t<\/div>\n\t\t\t\t\t<\/div>\n\t\t\t\t<\/div>\n\t\t\t\t<\/div>","protected":false},"excerpt":{"rendered":"<p>Como proveedor de este servicio de Internet es responsable:2fink ConsultingNicole Fink, LL.M. (Maastricht) Obere Pfaffensteigstr. 19b91126 Schwabach Se puede llegar a un contacto electr\u00f3nico r\u00e1pido y a una comunicaci\u00f3n directa por tel\u00e9fono: +49 (0) 151 5845 3180y por correo electr\u00f3nico: info@2fink.com N\u00famero de identificaci\u00f3n a efectos del IVA: DE457416684 2fink Consulting ofrece expl\u00edcitamente, no asesoramiento jur\u00eddico, sino que act\u00faa exclusivamente como consultora empresarial independiente para la protecci\u00f3n de datos y la ciberseguridad. No hay necesidad de [\u2026].<\/p>","protected":false},"author":1,"featured_media":0,"parent":0,"menu_order":0,"comment_status":"closed","ping_status":"closed","template":"","meta":{"ocean_post_layout":"full-screen","ocean_both_sidebars_style":"","ocean_both_sidebars_content_width":0,"ocean_both_sidebars_sidebars_width":0,"ocean_sidebar":"","ocean_second_sidebar":"","ocean_disable_margins":"enable","ocean_add_body_class":"","ocean_shortcode_before_top_bar":"","ocean_shortcode_after_top_bar":"","ocean_shortcode_before_header":"","ocean_shortcode_after_header":"","ocean_has_shortcode":"","ocean_shortcode_after_title":"","ocean_shortcode_before_footer_widgets":"","ocean_shortcode_after_footer_widgets":"","ocean_shortcode_before_footer_bottom":"","ocean_shortcode_after_footer_bottom":"","ocean_display_top_bar":"off","ocean_display_header":"off","ocean_header_style":"","ocean_center_header_left_menu":"","ocean_custom_header_template":"","ocean_custom_logo":0,"ocean_custom_retina_logo":0,"ocean_custom_logo_max_width":0,"ocean_custom_logo_tablet_max_width":0,"ocean_custom_logo_mobile_max_width":0,"ocean_custom_logo_max_height":0,"ocean_custom_logo_tablet_max_height":0,"ocean_custom_logo_mobile_max_height":0,"ocean_header_custom_menu":"","ocean_menu_typo_font_family":"","ocean_menu_typo_font_subset":"","ocean_menu_typo_font_size":0,"ocean_menu_typo_font_size_tablet":0,"ocean_menu_typo_font_size_mobile":0,"ocean_menu_typo_font_size_unit":"px","ocean_menu_typo_font_weight":"","ocean_menu_typo_font_weight_tablet":"","ocean_menu_typo_font_weight_mobile":"","ocean_menu_typo_transform":"","ocean_menu_typo_transform_tablet":"","ocean_menu_typo_transform_mobile":"","ocean_menu_typo_line_height":0,"ocean_menu_typo_line_height_tablet":0,"ocean_menu_typo_line_height_mobile":0,"ocean_menu_typo_line_height_unit":"","ocean_menu_typo_spacing":0,"ocean_menu_typo_spacing_tablet":0,"ocean_menu_typo_spacing_mobile":0,"ocean_menu_typo_spacing_unit":"","ocean_menu_link_color":"","ocean_menu_link_color_hover":"","ocean_menu_link_color_active":"","ocean_menu_link_background":"","ocean_menu_link_hover_background":"","ocean_menu_link_active_background":"","ocean_menu_social_links_bg":"","ocean_menu_social_hover_links_bg":"","ocean_menu_social_links_color":"","ocean_menu_social_hover_links_color":"","ocean_disable_title":"on","ocean_disable_heading":"default","ocean_post_title":"","ocean_post_subheading":"","ocean_post_title_style":"","ocean_post_title_background_color":"","ocean_post_title_background":0,"ocean_post_title_bg_image_position":"","ocean_post_title_bg_image_attachment":"","ocean_post_title_bg_image_repeat":"","ocean_post_title_bg_image_size":"","ocean_post_title_height":0,"ocean_post_title_bg_overlay":0.5,"ocean_post_title_bg_overlay_color":"","ocean_disable_breadcrumbs":"default","ocean_breadcrumbs_color":"","ocean_breadcrumbs_separator_color":"","ocean_breadcrumbs_links_color":"","ocean_breadcrumbs_links_hover_color":"","ocean_display_footer_widgets":"off","ocean_display_footer_bottom":"off","ocean_custom_footer_template":"","footnotes":""},"folder":[15],"class_list":["post-163","page","type-page","status-publish","hentry","entry"],"_links":{"self":[{"href":"https:\/\/2fink.com\/es\/wp-json\/wp\/v2\/pages\/163","targetHints":{"allow":["GET"]}}],"collection":[{"href":"https:\/\/2fink.com\/es\/wp-json\/wp\/v2\/pages"}],"about":[{"href":"https:\/\/2fink.com\/es\/wp-json\/wp\/v2\/types\/page"}],"author":[{"embeddable":true,"href":"https:\/\/2fink.com\/es\/wp-json\/wp\/v2\/users\/1"}],"replies":[{"embeddable":true,"href":"https:\/\/2fink.com\/es\/wp-json\/wp\/v2\/comments?post=163"}],"version-history":[{"count":71,"href":"https:\/\/2fink.com\/es\/wp-json\/wp\/v2\/pages\/163\/revisions"}],"predecessor-version":[{"id":807,"href":"https:\/\/2fink.com\/es\/wp-json\/wp\/v2\/pages\/163\/revisions\/807"}],"wp:attachment":[{"href":"https:\/\/2fink.com\/es\/wp-json\/wp\/v2\/media?parent=163"}],"wp:term":[{"taxonomy":"folder","embeddable":true,"href":"https:\/\/2fink.com\/es\/wp-json\/wp\/v2\/folder?post=163"}],"curies":[{"name":"wp","href":"https:\/\/api.w.org\/{rel}","templated":true}]}}