{"id":381,"date":"2025-10-07T13:58:49","date_gmt":"2025-10-07T13:58:49","guid":{"rendered":"https:\/\/2fink.com\/?page_id=381"},"modified":"2026-03-24T08:42:28","modified_gmt":"2026-03-24T08:42:28","slug":"ueber-mich","status":"publish","type":"page","link":"https:\/\/2fink.com\/es\/ueber-mich\/","title":{"rendered":"<p>Acerca de m\u00ed<\/p>"},"content":{"rendered":"<div data-elementor-type=\"wp-page\" data-elementor-id=\"381\" class=\"elementor elementor-381\" data-elementor-post-type=\"page\">\n\t\t\t\t<div class=\"elementor-element elementor-element-1ad316b0 e-con-full e-flex e-con e-parent\" data-id=\"1ad316b0\" data-element_type=\"container\" data-e-type=\"container\" data-settings='{\"sticky\":\"top\",\"sticky_on\":[\"desktop\",\"tablet\",\"mobile\"],\"sticky_offset\":0,\"sticky_effects_offset\":0,\"sticky_anchor_link_offset\":0}'>\n\t\t<div class=\"elementor-element elementor-element-5ed50cc3 e-con-full e-flex e-con e-child\" data-id=\"5ed50cc3\" data-element_type=\"container\" data-e-type=\"container\" data-settings='{\"background_background\":\"classic\"}'>\n\t\t\t\t<div class=\"elementor-element elementor-element-157067bc elementor-widget__width-auto elementor-widget elementor-widget-theme-site-logo elementor-widget-image\" data-id=\"157067bc\" data-element_type=\"widget\" data-e-type=\"widget\" data-widget_type=\"theme-site-logo.default\">\n\t\t\t\t\t\t\t\t\t\t\t<a href=\"https:\/\/2fink.com\/es\">\n\t\t\t<img fetchpriority=\"high\" decoding=\"async\" width=\"2560\" height=\"1536\" src=\"https:\/\/2fink.com\/wp-content\/uploads\/2025\/09\/base_logo_transparent_background-scaled.png\" class=\"attachment-full size-full wp-image-84\" alt=\"\" srcset=\"https:\/\/2fink.com\/wp-content\/uploads\/2025\/09\/base_logo_transparent_background-scaled.png 2560w, https:\/\/2fink.com\/wp-content\/uploads\/2025\/09\/base_logo_transparent_background-300x180.png 300w, https:\/\/2fink.com\/wp-content\/uploads\/2025\/09\/base_logo_transparent_background-1024x614.png 1024w, https:\/\/2fink.com\/wp-content\/uploads\/2025\/09\/base_logo_transparent_background-768x461.png 768w, https:\/\/2fink.com\/wp-content\/uploads\/2025\/09\/base_logo_transparent_background-1536x922.png 1536w, https:\/\/2fink.com\/wp-content\/uploads\/2025\/09\/base_logo_transparent_background-2048x1229.png 2048w\" sizes=\"(max-width: 2560px) 100vw, 2560px\">\t\t\t\t<\/a>\n\t\t\t\t\t\t\t\t\t\t\t<\/div>\n\t\t\t\t<\/div>\n\t\t<div class=\"elementor-element elementor-element-7b9f0ee3 e-con-full e-flex e-con e-child\" data-id=\"7b9f0ee3\" data-element_type=\"container\" data-e-type=\"container\" data-settings='{\"background_background\":\"classic\"}'>\n\t\t\t\t<div class=\"elementor-element elementor-element-7a983db8 elementor-nav-menu--dropdown-tablet elementor-nav-menu__text-align-aside elementor-nav-menu--toggle elementor-nav-menu--burger elementor-widget elementor-widget-nav-menu\" data-id=\"7a983db8\" data-element_type=\"widget\" data-e-type=\"widget\" data-settings='{\"layout\":\"horizontal\",\"submenu_icon\":{\"value\":\"&lt;svg aria-hidden=\\\"true\\\" class=\\\"e-font-icon-svg e-fas-caret-down\\\" viewBox=\\\"0 0 320 512\\\" xmlns=\\\"http:\\\/\\\/www.w3.org\\\/2000\\\/svg\\\"&gt;&lt;path d=\\\"M31.3 192h257.3c17.8 0 26.7 21.5 14.1 34.1L174.1 354.8c-7.8 7.8-20.5 7.8-28.3 0L17.2 226.1C4.6 213.5 13.5 192 31.3 192z\\\"&gt;&lt;\\\/path&gt;&lt;\\\/svg&gt;\",\"library\":\"fa-solid\"},\"toggle\":\"burger\"}' data-widget_type=\"nav-menu.default\">\n\t\t\t\t\t\t\t\t<nav aria-label=\"Men\u00fa\" class=\"elementor-nav-menu--main elementor-nav-menu__container elementor-nav-menu--layout-horizontal e--pointer-underline e--animation-fade\">\n\t\t\t\t<ul id=\"menu-1-7a983db8\" class=\"elementor-nav-menu\"><li class=\"menu-item menu-item-type-post_type menu-item-object-page menu-item-home menu-item-386\"><a href=\"https:\/\/2fink.com\/es\/\" class=\"elementor-item\">Hogar<\/a><\/li>\n<li class=\"menu-item menu-item-type-post_type menu-item-object-page menu-item-has-children menu-item-768\"><a href=\"https:\/\/2fink.com\/es\/angebot\/\" class=\"elementor-item\">oferta<\/a>\n<ul class=\"sub-menu elementor-nav-menu--dropdown\">\n\t<li class=\"menu-item menu-item-type-post_type menu-item-object-page menu-item-1448\"><a href=\"https:\/\/2fink.com\/es\/angebot\/events\/\" class=\"elementor-sub-item\">Eventos<\/a><\/li>\n\t<li class=\"menu-item menu-item-type-post_type menu-item-object-page menu-item-1471\"><a href=\"https:\/\/2fink.com\/es\/angebot\/kooperationen\/\" class=\"elementor-sub-item\">cooperaciones<\/a><\/li>\n<\/ul>\n<\/li>\n<li class=\"menu-item menu-item-type-post_type menu-item-object-page menu-item-1193\"><a href=\"https:\/\/2fink.com\/es\/beitraege\/\" class=\"elementor-item\">presentaciones<\/a><\/li>\n<li class=\"menu-item menu-item-type-post_type menu-item-object-page menu-item-434\"><a href=\"https:\/\/2fink.com\/es\/ueber-mich\/\" class=\"elementor-item\">Acerca de<\/a><\/li>\n<li class=\"menu-item menu-item-type-post_type menu-item-object-page menu-item-1360\"><a href=\"https:\/\/2fink.com\/es\/kontakt\/\" class=\"elementor-item\">contacto<\/a><\/li>\n<\/ul>\t\t\t<\/nav>\n\t\t\t\t\t<div class=\"elementor-menu-toggle\" role=\"button\" tabindex=\"0\" aria-label=\"Men\u00fa alternativo\" aria-expanded=\"false\">\n\t\t\t<svg aria-hidden=\"true\" role=\"presentation\" class=\"elementor-menu-toggle__icon--open e-font-icon-svg e-eicon-menu-bar\" viewbox=\"0 0 1000 1000\" xmlns=\"http:\/\/www.w3.org\/2000\/svg\"><path d=\"M104 333H896C929 333 958 304 958 271S929 208 896 208H104C71 208 42 237 42 271S71 333 104 333ZM104 583H896C929 583 958 554 958 521S929 458 896 458H104C71 458 42 487 42 521S71 583 104 583ZM104 833H896C929 833 958 804 958 771S929 708 896 708H104C71 708 42 737 42 771S71 833 104 833Z\"><\/path><\/svg><svg aria-hidden=\"true\" role=\"presentation\" class=\"elementor-menu-toggle__icon--close e-font-icon-svg e-eicon-close\" viewbox=\"0 0 1000 1000\" xmlns=\"http:\/\/www.w3.org\/2000\/svg\"><path d=\"M742 167L500 408 258 167C246 154 233 150 217 150 196 150 179 158 167 167 154 179 150 196 150 212 150 229 154 242 171 254L408 500 167 742C138 771 138 800 167 829 196 858 225 858 254 829L496 587 738 829C750 842 767 846 783 846 800 846 817 842 829 829 842 817 846 804 846 783 846 767 842 750 829 737L588 500 833 258C863 229 863 200 833 171 804 137 775 137 742 167Z\"><\/path><\/svg>\t\t<\/div>\n\t\t\t\t\t<nav class=\"elementor-nav-menu--dropdown elementor-nav-menu__container\" aria-hidden=\"true\">\n\t\t\t\t<ul id=\"menu-2-7a983db8\" class=\"elementor-nav-menu\"><li class=\"menu-item menu-item-type-post_type menu-item-object-page menu-item-home menu-item-386\"><a href=\"https:\/\/2fink.com\/es\/\" class=\"elementor-item\" tabindex=\"-1\">Hogar<\/a><\/li>\n<li class=\"menu-item menu-item-type-post_type menu-item-object-page menu-item-has-children menu-item-768\"><a href=\"https:\/\/2fink.com\/es\/angebot\/\" class=\"elementor-item\" tabindex=\"-1\">oferta<\/a>\n<ul class=\"sub-menu elementor-nav-menu--dropdown\">\n\t<li class=\"menu-item menu-item-type-post_type menu-item-object-page menu-item-1448\"><a href=\"https:\/\/2fink.com\/es\/angebot\/events\/\" class=\"elementor-sub-item\" tabindex=\"-1\">Eventos<\/a><\/li>\n\t<li class=\"menu-item menu-item-type-post_type menu-item-object-page menu-item-1471\"><a href=\"https:\/\/2fink.com\/es\/angebot\/kooperationen\/\" class=\"elementor-sub-item\" tabindex=\"-1\">cooperaciones<\/a><\/li>\n<\/ul>\n<\/li>\n<li class=\"menu-item menu-item-type-post_type menu-item-object-page menu-item-1193\"><a href=\"https:\/\/2fink.com\/es\/beitraege\/\" class=\"elementor-item\" tabindex=\"-1\">presentaciones<\/a><\/li>\n<li class=\"menu-item menu-item-type-post_type menu-item-object-page menu-item-434\"><a href=\"https:\/\/2fink.com\/es\/ueber-mich\/\" class=\"elementor-item\" tabindex=\"-1\">Acerca de<\/a><\/li>\n<li class=\"menu-item menu-item-type-post_type menu-item-object-page menu-item-1360\"><a href=\"https:\/\/2fink.com\/es\/kontakt\/\" class=\"elementor-item\" tabindex=\"-1\">contacto<\/a><\/li>\n<\/ul>\t\t\t<\/nav>\n\t\t\t\t\t\t<\/div>\n\t\t\t\t<\/div>\n\t\t\t\t<\/div>\n\t\t<div class=\"elementor-element elementor-element-c61876c e-flex e-con-boxed e-con e-parent\" data-id=\"c61876c\" data-element_type=\"container\" data-e-type=\"container\" data-settings='{\"background_background\":\"classic\"}'>\n\t\t\t\t\t<div class=\"e-con-inner\">\n\t\t<div class=\"elementor-element elementor-element-83984e9 e-con-full e-flex e-con e-child\" data-id=\"83984e9\" data-element_type=\"container\" data-e-type=\"container\" data-settings='{\"background_background\":\"classic\"}'>\n\t\t\t\t<div class=\"elementor-element elementor-element-51e3230 elementor-widget__width-inherit elementor-widget elementor-widget-heading\" data-id=\"51e3230\" data-element_type=\"widget\" data-e-type=\"widget\" data-widget_type=\"heading.default\">\n\t\t\t\t\t<h2 class=\"elementor-heading-title elementor-size-default\">La protecci\u00f3n de datos se convierte en una ventaja competitiva.<\/h2>\t\t\t\t<\/div>\n\t\t\t\t<div class=\"elementor-element elementor-element-239c268 elementor-widget elementor-widget-text-editor\" data-id=\"239c268\" data-element_type=\"widget\" data-e-type=\"widget\" data-widget_type=\"text-editor.default\">\n\t\t\t\t\t\t\t\t\t<p>La protecci\u00f3n de datos es m\u00e1s que solo cumplimiento.<\/p><p>Crea confianza, permite la innovaci\u00f3n y protege lo que realmente importa: las personas, los datos y su empresa.<\/p><p>Con un enfoque claro, soluciones pr\u00e1cticas y cooperaci\u00f3n basada en asociaciones, le apoyamos en el anclaje sostenible de la protecci\u00f3n de datos y la seguridad de la informaci\u00f3n en su empresa.<\/p>\t\t\t\t\t\t\t\t<\/div>\n\t\t\t\t<div class=\"elementor-element elementor-element-1f5f356 elementor-widget elementor-widget-text-editor\" data-id=\"1f5f356\" data-element_type=\"widget\" data-e-type=\"widget\" data-widget_type=\"text-editor.default\">\n\t\t\t\t\t\t\t\t\t<p><em>Juntos, estamos transformando complejos desaf\u00edos de protecci\u00f3n de datos y ciberseguridad en oportunidades claras y viables.<\/em><\/p><p>Ya sea que est\u00e9 al comienzo de su viaje de protecci\u00f3n de datos o desee profesionalizar a\u00fan m\u00e1s sus procesos existentes ?, esperamos conocer sus desaf\u00edos individuales y desarrollar soluciones pragm\u00e1ticas y efectivas juntas.<\/p>\t\t\t\t\t\t\t\t<\/div>\n\t\t\t\t<div class=\"elementor-element elementor-element-8399891 elementor-align-center elementor-widget__width-inherit elementor-widget elementor-widget-button\" data-id=\"8399891\" data-element_type=\"widget\" data-e-type=\"widget\" data-widget_type=\"button.default\">\n\t\t\t\t\t\t\t\t\t\t<a class=\"elementor-button elementor-button-link elementor-size-sm\" href=\"mailto:hello@2fink.com\">\n\t\t\t\t\t\t<span class=\"elementor-button-content-wrapper\">\n\t\t\t\t\t\t\t\t\t<span class=\"elementor-button-text\">Haga una cita ahora.<\/span>\n\t\t\t\t\t<\/span>\n\t\t\t\t\t<\/a>\n\t\t\t\t\t\t\t\t<\/div>\n\t\t\t\t<div class=\"elementor-element elementor-element-f8391bf elementor-widget-mobile__width-inherit elementor-widget elementor-widget-heading\" data-id=\"f8391bf\" data-element_type=\"widget\" data-e-type=\"widget\" data-widget_type=\"heading.default\">\n\t\t\t\t\t<h2 class=\"elementor-heading-title elementor-size-default\">\u00bf2fink Consulting? Excelencia en protecci\u00f3n de datos y experiencia en ciberseguridad que establece est\u00e1ndares<\/h2>\t\t\t\t<\/div>\n\t\t\t\t<div class=\"elementor-element elementor-element-6a7c3f3 elementor-widget-mobile__width-inherit elementor-widget elementor-widget-text-editor\" data-id=\"6a7c3f3\" data-element_type=\"widget\" data-e-type=\"widget\" data-widget_type=\"text-editor.default\">\n\t\t\t\t\t\t\t\t\t<p>2fink Consulting es sin\u00f3nimo de consultor\u00eda altamente especializada en el campo de la protecci\u00f3n de datos y la ciberseguridad, bien fundada, pr\u00e1ctica y orientada al futuro. La fundadora, Nicole Fink, combina experiencia legal, experiencia t\u00e9cnica y experiencia en gesti\u00f3n estrat\u00e9gica a nivel de Grupo. Con cargos como responsable de protecci\u00f3n de datos de un grupo DAX, gesti\u00f3n de redes globales de protecci\u00f3n de datos, as\u00ed como una amplia experiencia en proyectos en medianas empresas y el sector p\u00fablico, aporta un perfil de competencia \u00fanico que no tiene paralelo en el mercado.<\/p>\t\t\t\t\t\t\t\t<\/div>\n\t\t<div class=\"elementor-element elementor-element-9c46bc3 e-grid e-con-full e-con e-child\" data-id=\"9c46bc3\" data-element_type=\"container\" data-e-type=\"container\">\n\t\t\t\t<div class=\"elementor-element elementor-element-354044b elementor-widget__width-inherit elementor-widget-mobile__width-inherit elementor-widget elementor-widget-icon-box\" data-id=\"354044b\" data-element_type=\"widget\" data-e-type=\"widget\" data-widget_type=\"icon-box.default\">\n\t\t\t\t\t\t\t<div class=\"elementor-icon-box-wrapper\">\n\n\t\t\t\n\t\t\t\t\t\t<div class=\"elementor-icon-box-content\">\n\n\t\t\t\t\t\t\t\t\t<h3 class=\"elementor-icon-box-title\">\n\t\t\t\t\t\t<span>\n\t\t\t\t\t\t\t\u00bfQu\u00e9 hace que 2fink Consulting sea especial?\t\t\t\t\t\t<\/span>\n\t\t\t\t\t<\/h3>\n\t\t\t\t\n\t\t\t\t\t\t\t\t\t<p class=\"elementor-icon-box-description\">\n\t\t\t\t\t\t<\/p><ul class=\"my-icon-list\">\n<li><b>Consultor\u00eda interdisciplinaria:<\/b> Combinaci\u00f3n de conocimientos jur\u00eddicos, conocimientos t\u00e9cnicos y competencias de gesti\u00f3n.<\/li><br>\n\n<li><b>Muchos a\u00f1os de pr\u00e1ctica:<\/b> Experiencia en proyectos de protecci\u00f3n de datos para empresas y pymes internacionales, incluida la gesti\u00f3n de procesos de diligencia debida y programas de sensibilizaci\u00f3n.<\/li><br>\n\n<li><b>Conocimientos t\u00e9cnicos certificados:<\/b> Formaci\u00f3n continua, por ejemplo, en protecci\u00f3n de datos de los empleados (BvD), como profesional de gesti\u00f3n de la privacidad (OneTrust) y asesor interno digital (diruj).<\/li><br>\n\n<li><b>Prospectiva estrat\u00e9gica: <\/b>Centrarse en el desarrollo organizacional sostenible y en procesos de protecci\u00f3n de datos eficientes y desburocratizados. <\/li><br>\n<\/ul>\t\t\t\t\t\n\t\t\t\t\n\t\t\t<\/div>\n\t\t\t\n\t\t<\/div>\n\t\t\t\t\t\t<\/div>\n\t\t\t\t<div class=\"elementor-element elementor-element-9791590 elementor-widget-mobile__width-inherit elementor-widget elementor-widget-icon-box\" data-id=\"9791590\" data-element_type=\"widget\" data-e-type=\"widget\" data-widget_type=\"icon-box.default\">\n\t\t\t\t\t\t\t<div class=\"elementor-icon-box-wrapper\">\n\n\t\t\t\n\t\t\t\t\t\t<div class=\"elementor-icon-box-content\">\n\n\t\t\t\t\t\t\t\t\t<h3 class=\"elementor-icon-box-title\">\n\t\t\t\t\t\t<span>\n\t\t\t\t\t\t\tPrincipales servicios de 2fink Consulting:\t\t\t\t\t\t<\/span>\n\t\t\t\t\t<\/h3>\n\t\t\t\t\n\t\t\t\t\t\t\t\t\t<p class=\"elementor-icon-box-description\">\n\t\t\t\t\t\t<\/p><ul class=\"my-icon-list\">\n<li><b>M&amp;Acompa\u00f1amiento: <\/b> Llevar a cabo una diligencia debida exhaustiva en el \u00e1mbito de la protecci\u00f3n de datos, la ciberseguridad, la evaluaci\u00f3n de riesgos, la integraci\u00f3n posterior a la fusi\u00f3n y la migraci\u00f3n de datos.<\/li><br>\n\n<li><b>Mentoring &amp; Consultor\u00eda entre pares: <\/b> Coaching individual para responsables y gestores de protecci\u00f3n de datos, desarrollo de estructuras sostenibles de protecci\u00f3n de datos y programas de sensibilizaci\u00f3n.<\/li><br>\n\n<li><b>Apoyo al proyecto: <\/b> Asesor\u00eda en despliegues internacionales, proyectos de big data, reestructuraci\u00f3n e implementaci\u00f3n de sistemas de gesti\u00f3n de protecci\u00f3n de datos.<\/li><br>\n\n<li><b>Eficiencia &amp; Innovaci\u00f3n:  <\/b>Desburocratizaci\u00f3n, optimizaci\u00f3n de procesos, uso de tecnolog\u00eda legal y soluciones de IA, desarrollo de flujos de trabajo de mejores pr\u00e1cticas.  <\/li><br>\n<\/ul>\t\t\t\t\t\n\t\t\t\t\n\t\t\t<\/div>\n\t\t\t\n\t\t<\/div>\n\t\t\t\t\t\t<\/div>\n\t\t\t\t<\/div>\n\t\t\t\t<\/div>\n\t\t\t\t<div class=\"elementor-element elementor-element-a19dfb2 elementor-widget elementor-widget-text-editor\" data-id=\"a19dfb2\" data-element_type=\"widget\" data-e-type=\"widget\" data-widget_type=\"text-editor.default\">\n\t\t\t\t\t\t\t\t\t<p>2fink Consulting ve la protecci\u00f3n de datos y la ciberseguridad no solo como una obligaci\u00f3n legal, sino como una parte integral de la gesti\u00f3n corporativa moderna: individual, orientada a soluciones y siempre un paso por delante.<\/p>\t\t\t\t\t\t\t\t<\/div>\n\t\t\t\t<div class=\"elementor-element elementor-element-9eebbdd elementor-widget__width-inherit elementor-widget elementor-widget-heading\" data-id=\"9eebbdd\" data-element_type=\"widget\" data-e-type=\"widget\" data-widget_type=\"heading.default\">\n\t\t\t\t\t<h2 class=\"elementor-heading-title elementor-size-default\">Consultor\u00eda que combina conocimiento, experiencia e innovaci\u00f3n. Bienvenido a 2fink Consulting.<\/h2>\t\t\t\t<\/div>\n\t\t\t\t\t<\/div>\n\t\t\t\t<\/div>\n\t\t\t\t<\/div>","protected":false},"excerpt":{"rendered":"<p>La protecci\u00f3n de datos se convierte en una ventaja competitiva. La protecci\u00f3n de datos es m\u00e1s que solo cumplimiento. Crea confianza, permite la innovaci\u00f3n y protege lo que realmente importa: Personas, datos y tu negocio. Con un enfoque claro, soluciones pr\u00e1cticas y cooperaci\u00f3n basada en asociaciones, le apoyamos en el anclaje sostenible de la protecci\u00f3n de datos y la seguridad de la informaci\u00f3n en su empresa. Juntos estamos transformando complejos desaf\u00edos de protecci\u00f3n de datos y ciberseguridad en [\u2026]<\/p>","protected":false},"author":1,"featured_media":0,"parent":0,"menu_order":0,"comment_status":"closed","ping_status":"closed","template":"","meta":{"ocean_post_layout":"full-screen","ocean_both_sidebars_style":"","ocean_both_sidebars_content_width":0,"ocean_both_sidebars_sidebars_width":0,"ocean_sidebar":"","ocean_second_sidebar":"","ocean_disable_margins":"enable","ocean_add_body_class":"","ocean_shortcode_before_top_bar":"","ocean_shortcode_after_top_bar":"","ocean_shortcode_before_header":"","ocean_shortcode_after_header":"","ocean_has_shortcode":"","ocean_shortcode_after_title":"","ocean_shortcode_before_footer_widgets":"","ocean_shortcode_after_footer_widgets":"","ocean_shortcode_before_footer_bottom":"","ocean_shortcode_after_footer_bottom":"","ocean_display_top_bar":"off","ocean_display_header":"off","ocean_header_style":"","ocean_center_header_left_menu":"","ocean_custom_header_template":"","ocean_custom_logo":0,"ocean_custom_retina_logo":0,"ocean_custom_logo_max_width":0,"ocean_custom_logo_tablet_max_width":0,"ocean_custom_logo_mobile_max_width":0,"ocean_custom_logo_max_height":0,"ocean_custom_logo_tablet_max_height":0,"ocean_custom_logo_mobile_max_height":0,"ocean_header_custom_menu":"","ocean_menu_typo_font_family":"","ocean_menu_typo_font_subset":"","ocean_menu_typo_font_size":0,"ocean_menu_typo_font_size_tablet":0,"ocean_menu_typo_font_size_mobile":0,"ocean_menu_typo_font_size_unit":"px","ocean_menu_typo_font_weight":"","ocean_menu_typo_font_weight_tablet":"","ocean_menu_typo_font_weight_mobile":"","ocean_menu_typo_transform":"","ocean_menu_typo_transform_tablet":"","ocean_menu_typo_transform_mobile":"","ocean_menu_typo_line_height":0,"ocean_menu_typo_line_height_tablet":0,"ocean_menu_typo_line_height_mobile":0,"ocean_menu_typo_line_height_unit":"","ocean_menu_typo_spacing":0,"ocean_menu_typo_spacing_tablet":0,"ocean_menu_typo_spacing_mobile":0,"ocean_menu_typo_spacing_unit":"","ocean_menu_link_color":"","ocean_menu_link_color_hover":"","ocean_menu_link_color_active":"","ocean_menu_link_background":"","ocean_menu_link_hover_background":"","ocean_menu_link_active_background":"","ocean_menu_social_links_bg":"","ocean_menu_social_hover_links_bg":"","ocean_menu_social_links_color":"","ocean_menu_social_hover_links_color":"","ocean_disable_title":"on","ocean_disable_heading":"default","ocean_post_title":"","ocean_post_subheading":"","ocean_post_title_style":"","ocean_post_title_background_color":"","ocean_post_title_background":0,"ocean_post_title_bg_image_position":"","ocean_post_title_bg_image_attachment":"","ocean_post_title_bg_image_repeat":"","ocean_post_title_bg_image_size":"","ocean_post_title_height":0,"ocean_post_title_bg_overlay":0.5,"ocean_post_title_bg_overlay_color":"","ocean_disable_breadcrumbs":"default","ocean_breadcrumbs_color":"","ocean_breadcrumbs_separator_color":"","ocean_breadcrumbs_links_color":"","ocean_breadcrumbs_links_hover_color":"","ocean_display_footer_widgets":"off","ocean_display_footer_bottom":"off","ocean_custom_footer_template":"","footnotes":""},"folder":[14],"class_list":["post-381","page","type-page","status-publish","hentry","entry"],"_links":{"self":[{"href":"https:\/\/2fink.com\/es\/wp-json\/wp\/v2\/pages\/381","targetHints":{"allow":["GET"]}}],"collection":[{"href":"https:\/\/2fink.com\/es\/wp-json\/wp\/v2\/pages"}],"about":[{"href":"https:\/\/2fink.com\/es\/wp-json\/wp\/v2\/types\/page"}],"author":[{"embeddable":true,"href":"https:\/\/2fink.com\/es\/wp-json\/wp\/v2\/users\/1"}],"replies":[{"embeddable":true,"href":"https:\/\/2fink.com\/es\/wp-json\/wp\/v2\/comments?post=381"}],"version-history":[{"count":80,"href":"https:\/\/2fink.com\/es\/wp-json\/wp\/v2\/pages\/381\/revisions"}],"predecessor-version":[{"id":1418,"href":"https:\/\/2fink.com\/es\/wp-json\/wp\/v2\/pages\/381\/revisions\/1418"}],"wp:attachment":[{"href":"https:\/\/2fink.com\/es\/wp-json\/wp\/v2\/media?parent=381"}],"wp:term":[{"taxonomy":"folder","embeddable":true,"href":"https:\/\/2fink.com\/es\/wp-json\/wp\/v2\/folder?post=381"}],"curies":[{"name":"wp","href":"https:\/\/api.w.org\/{rel}","templated":true}]}}